{"id":2830,"date":"2021-07-16T11:48:16","date_gmt":"2021-07-16T09:48:16","guid":{"rendered":"https:\/\/www.united-access.com\/kontakt\/impressum\/"},"modified":"2023-01-10T16:15:48","modified_gmt":"2023-01-10T15:15:48","slug":"impressum","status":"publish","type":"page","link":"https:\/\/www.united-access.com\/de\/kontakt\/impressum\/","title":{"rendered":"Impressum"},"content":{"rendered":"<p>[et_pb_section bb_built=&#8221;1&#8243; admin_label=&#8221;Headerbild&#8221; fullwidth=&#8221;on&#8221; _builder_version=&#8221;4.9.10&#8243; _module_preset=&#8221;default&#8221; background_image=&#8221;https:\/\/www.united-access.com\/wp-content\/uploads\/2021\/04\/rendering-abstract-futuristic-background_web.jpg&#8221; height=&#8221;300px&#8221; border_width_bottom=&#8221;10px&#8221; border_color_bottom=&#8221;#C35C3A&#8221; saved_tabs=&#8221;all&#8221; collapsed=&#8221;off&#8221; next_background_color=&#8221;#ffffff&#8221; global_module=&#8221;788&#8243;][\/et_pb_section][et_pb_section bb_built=&#8221;1&#8243; admin_label=&#8221;Seitentitel&#8221; module_class=&#8221;feldrechts&#8221; _builder_version=&#8221;4.9.10&#8243; _module_preset=&#8221;default&#8221; transform_translate_linked=&#8221;off&#8221; max_width=&#8221;820px&#8221; module_alignment=&#8221;right&#8221; hover_enabled=&#8221;0&#8243; saved_tabs=&#8221;all&#8221; collapsed=&#8221;on&#8221; sticky_enabled=&#8221;0&#8243; prev_background_color=&#8221;#000000&#8243; next_background_color=&#8221;#000000&#8243; global_module=&#8221;790&#8243;][et_pb_row global_parent=&#8221;790&#8243; _builder_version=&#8221;4.9.3&#8243; _module_preset=&#8221;default&#8221;][et_pb_column type=&#8221;4_4&#8243; global_parent=&#8221;790&#8243; _builder_version=&#8221;4.9.3&#8243; _module_preset=&#8221;default&#8221;][et_pb_post_title global_parent=&#8221;790&#8243; meta=&#8221;off&#8221; featured_image=&#8221;off&#8221; _builder_version=&#8221;4.9.3&#8243; _module_preset=&#8221;default&#8221; \/][\/et_pb_column][\/et_pb_row][\/et_pb_section][et_pb_section bb_built=&#8221;1&#8243; _builder_version=&#8221;4.9.3&#8243; _module_preset=&#8221;default&#8221; prev_background_color=&#8221;#000000&#8243; next_background_color=&#8221;#000000&#8243;][et_pb_row column_structure=&#8221;1_3,1_3,1_3&#8243; _builder_version=&#8221;4.9.3&#8243; _module_preset=&#8221;default&#8221;][et_pb_column type=&#8221;1_3&#8243; _builder_version=&#8221;4.9.3&#8243; _module_preset=&#8221;default&#8221;][et_pb_image src=&#8221;https:\/\/www.united-access.com\/wp-content\/uploads\/2021\/04\/logo-blue-transp_0.png&#8221; title_text=&#8221;logo-blue-transp_0&#8243; _builder_version=&#8221;4.9.3&#8243; _module_preset=&#8221;default&#8221;]<\/p>\n<p>[\/et_pb_image][\/et_pb_column][et_pb_column type=&#8221;1_3&#8243; _builder_version=&#8221;4.9.3&#8243; _module_preset=&#8221;default&#8221;][et_pb_text admin_label=&#8221;UA Info&#8221; _builder_version=&#8221;4.17.6&#8243; _module_preset=&#8221;default&#8221; global_module=&#8221;1194&#8243; saved_tabs=&#8221;all&#8221; hover_enabled=&#8221;0&#8243; sticky_enabled=&#8221;0&#8243; background_pattern_color=&#8221;rgba(0,0,0,0.2)&#8221; background_mask_color=&#8221;#ffffff&#8221;]<\/p>\n<h3 style=\"text-align: left;\">UNITED ACCESS GmbH<\/h3>\n<p style=\"text-align: left;\">Technopark 1\/C, A-3430 Tulln, \u00d6sterreich<br \/>\nTelefon: <a href=\"tel:0043227264123\">+43 (0) 22 72\/ 64 123<\/a><br \/>\nFax: +43 (0) 22 72\/ 65 124<br \/>\n<a href=\"mailto:austria@united-access.com\">austria@united-access.com<\/a><\/p>\n<p>[\/et_pb_text][et_pb_text _builder_version=&#8221;4.9.10&#8243; _module_preset=&#8221;default&#8221;]<\/p>\n<p><strong>Gesch\u00e4ftsf\u00fchrung:<\/strong><br \/>Ing. Gerhard Teuschl &amp; Dr. Peter Klein<\/p>\n<p>[\/et_pb_text][\/et_pb_column][et_pb_column type=&#8221;1_3&#8243; _builder_version=&#8221;4.9.3&#8243; _module_preset=&#8221;default&#8221;][et_pb_text _builder_version=&#8221;4.9.10&#8243; _module_preset=&#8221;default&#8221;]<\/p>\n<h3> <\/h3>\n<p>FN 207692f Landesgericht St. P\u00f6lten<br \/>USt-ID: ATU51372508<br \/>EORI Nr: ATEOS1000006628<\/p>\n<p>&nbsp;<\/p>\n<p><a href=\"https:\/\/firmen.wko.at\/united-access-gmbh\/nieder%C3%B6sterreich\/?firmaid=c2f39b62-4242-44c5-ad82-20dc9a177bc1&amp;suchbegriff=united%20access\" target=\"_blank\" rel=\"noopener\"><img loading=\"lazy\" decoding=\"async\" class=\"alignnone wp-image-5326 size-full\" src=\"https:\/\/www.united-access.com\/wp-content\/uploads\/2021\/08\/Logo_wko.png\" alt=\"\" width=\"180\" height=\"33\"><\/a><\/p>\n<p>[\/et_pb_text][\/et_pb_column][\/et_pb_row][\/et_pb_section][et_pb_section bb_built=&#8221;1&#8243; admin_label=&#8221;Web&#8221; module_id=&#8221;publictransport&#8221; module_class=&#8221;bereiche&#8221; _builder_version=&#8221;4.9.3&#8243; _module_preset=&#8221;default&#8221; background_enable_color=&#8221;off&#8221; prev_background_color=&#8221;#000000&#8243; next_background_color=&#8221;#000000&#8243;][et_pb_row column_structure=&#8221;3_4,1_4&#8243; _builder_version=&#8221;4.9.3&#8243; _module_preset=&#8221;default&#8221; transform_translate=&#8221;0px|-110px&#8221; transform_translate_linked=&#8221;off&#8221; custom_margin=&#8221;||0px||false|false&#8221; custom_padding=&#8221;||0px||false|false&#8221;][et_pb_column type=&#8221;3_4&#8243; _builder_version=&#8221;4.9.3&#8243; _module_preset=&#8221;default&#8221;][et_pb_text admin_label=&#8221;design&#8221; _builder_version=&#8221;4.9.10&#8243; _module_preset=&#8221;default&#8221;]<\/p>\n<h2>Design<\/h2>\n<p>[\/et_pb_text][et_pb_text admin_label=&#8221;Web-Design &#038; programming&#8221; _builder_version=&#8221;4.9.10&#8243; _module_preset=&#8221;default&#8221;]<\/p>\n<h3>Web-Design &amp; Programmierung<\/h3>\n<p><img loading=\"lazy\" decoding=\"async\" class=\"alignleft wp-image-1257\" src=\"https:\/\/www.united-access.com\/wp-content\/uploads\/2021\/06\/werbeknowhow-300x288-1.png\" alt=\"\" width=\"115\" height=\"110\">Werbe! Know How e.U.<br \/>Lerchengasse 3<br \/>2102 Bisamberg<br \/>E-Mail: <a class=\"mail\" role=\"link\" href=\"mailto:info@werbeknowhow.at\">info@werbeknowhow.at<\/a><br \/><a class=\"external-link-new-window\" role=\"link\" href=\"http:\/\/www.werbeknowhow.at\" target=\"_blank\" rel=\"noopener noreferrer\">www.werbeknowhow.at<\/a><\/p>\n<p>[\/et_pb_text][et_pb_divider color=&#8221;#000027&#8243; divider_weight=&#8221;1px&#8221; _builder_version=&#8221;4.9.3&#8243; _module_preset=&#8221;default&#8221;]<\/p>\n<p>[\/et_pb_divider][et_pb_text admin_label=&#8221;Photos&#8221; _builder_version=&#8221;4.9.10&#8243; _module_preset=&#8221;default&#8221;]<\/p>\n<h3>Fotos<\/h3>\n<p>United Access, Canstockphoto<\/p>\n<p>[\/et_pb_text][\/et_pb_column][et_pb_column type=&#8221;1_4&#8243; _builder_version=&#8221;4.9.3&#8243; _module_preset=&#8221;default&#8221;][et_pb_image src=&#8221;https:\/\/www.united-access.com\/wp-content\/uploads\/2021\/06\/Icons-44.png&#8221; title_text=&#8221;Icons-44&#8243; align=&#8221;center&#8221; _builder_version=&#8221;4.9.3&#8243; _module_preset=&#8221;default&#8221;]<\/p>\n<p>[\/et_pb_image][\/et_pb_column][\/et_pb_row][\/et_pb_section][et_pb_section bb_built=&#8221;1&#8243; admin_label=&#8221;Weitere Infos&#8221; module_id=&#8221;industrylogistics&#8221; module_class=&#8221;bereiche&#8221; _builder_version=&#8221;4.9.3&#8243; _module_preset=&#8221;default&#8221; background_enable_color=&#8221;off&#8221; prev_background_color=&#8221;#000000&#8243; next_background_color=&#8221;#eeeeee&#8221;][et_pb_row column_structure=&#8221;3_4,1_4&#8243; _builder_version=&#8221;4.9.10&#8243; _module_preset=&#8221;default&#8221; transform_translate=&#8221;0px|-110px&#8221; transform_translate_linked=&#8221;off&#8221; custom_margin=&#8221;||0px||false|false&#8221; custom_padding=&#8221;||0px||false|false&#8221;][et_pb_column type=&#8221;3_4&#8243; _builder_version=&#8221;4.9.3&#8243; _module_preset=&#8221;default&#8221;][et_pb_text admin_label=&#8221;More information&#8221; _builder_version=&#8221;4.9.10&#8243; _module_preset=&#8221;default&#8221;]<\/p>\n<h2>Weitere Informationen<\/h2>\n<p>[\/et_pb_text][et_pb_text _builder_version=&#8221;4.9.10&#8243; _module_preset=&#8221;default&#8221; header_3_text_color=&#8221;#C35C3A&#8221;]<\/p>\n<h3>Aktualit\u00e4t und Datenstand<\/h3>\n<p>United Access ist bem\u00fcht, s\u00e4mtliche Informationen auf dieser Website jederzeit aktuell und richtig darzustellen. Es kann jedoch keine Haftung oder Garantie f\u00fcr die zur Verf\u00fcgung gestellten Informationen und Daten \u00fcbernommen werden. Alle Angaben erfolgen ohne Gew\u00e4hr.  <\/p>\n<p>&nbsp;<\/p>\n<h3>Haftung f\u00fcr Inhalte und Links dieser Website<\/h3>\n<p>Wir entwickeln die Inhalte dieser Website st\u00e4ndig weiter und bem\u00fchen uns korrekte und aktuelle Informationen bereitzustellen. Leider k\u00f6nnen wir keine Haftung f\u00fcr die Korrektheit aller Inhalte auf dieser Website \u00fcbernehmen, speziell f\u00fcr jene die seitens Dritter bereitgestellt wird. Unsere Website enth\u00e4lt Links zu anderen Websites f\u00fcr deren Inhalt wir nicht verantwortlich sind. Sollten Ihnen problematische oder rechtswidrige Inhalte\/Links auffallen, bitten wir Sie uns umgehend zu kontaktieren.   <\/p>\n<p>&nbsp;<\/p>\n<h3>Urheberrechtshinweis<\/h3>\n<p>Alle Inhalte dieser Website (Bilder, Fotos, Texte, Videos) unterliegen dem Urheberrecht. Falls notwendig, werden wir die unerlaubte Nutzung von Teilen der Inhalte unserer Seite rechtlich verfolgen. <\/p>\n<p>&nbsp;<\/p>\n<h3>Bildernachweis<\/h3>\n<p>Die Bilder, Fotos und Grafiken auf dieser Webseite sind urheberrechtlich gesch\u00fctzt.<\/p>\n<p>[\/et_pb_text][\/et_pb_column][et_pb_column type=&#8221;1_4&#8243; _builder_version=&#8221;4.9.3&#8243; _module_preset=&#8221;default&#8221;][et_pb_image src=&#8221;https:\/\/www.united-access.com\/wp-content\/uploads\/2021\/06\/Icons-46.png&#8221; title_text=&#8221;Icons-46&#8243; align=&#8221;center&#8221; _builder_version=&#8221;4.9.3&#8243; _module_preset=&#8221;default&#8221;]<\/p>\n<p>[\/et_pb_image][\/et_pb_column][\/et_pb_row][\/et_pb_section][et_pb_section bb_built=&#8221;1&#8243; admin_label=&#8221;Footer&#8221; module_class=&#8221;footer&#8221; _builder_version=&#8221;4.9.3&#8243; _module_preset=&#8221;default&#8221; background_color=&#8221;#eeeeee&#8221; saved_tabs=&#8221;all&#8221; collapsed=&#8221;off&#8221; global_module=&#8221;343&#8243; prev_background_color=&#8221;#ffffff&#8221;][et_pb_row global_parent=&#8221;343&#8243; column_structure=&#8221;1_4,1_2,1_4&#8243; _builder_version=&#8221;4.9.3&#8243; _module_preset=&#8221;default&#8221;][et_pb_column type=&#8221;1_4&#8243; global_parent=&#8221;343&#8243; _builder_version=&#8221;4.9.3&#8243; _module_preset=&#8221;default&#8221;][et_pb_image global_parent=&#8221;343&#8243; src=&#8221;https:\/\/www.united-access.com\/wp-content\/uploads\/2021\/04\/logo-blue-transp_0.png&#8221; title_text=&#8221;logo-blue-transp_0&#8243; align=&#8221;right&#8221; _builder_version=&#8221;4.9.10&#8243; _module_preset=&#8221;default&#8221; \/][\/et_pb_column][et_pb_column type=&#8221;1_2&#8243; global_parent=&#8221;343&#8243; _builder_version=&#8221;4.9.3&#8243; _module_preset=&#8221;default&#8221;][et_pb_text global_parent=&#8221;343&#8243; _builder_version=&#8221;4.9.10&#8243; _module_preset=&#8221;default&#8221;]<\/p>\n<p style=\"text-align: center;\">Technopark 1\/C, A-3430 Tulln, \u00d6sterreich<br \/>\nTelefon: <a href=\"tel:0043227264123\">+43 (0) 22 72\/ 64 123<\/a><br \/>\nFax: +43 (0) 22 72\/ 65 124<br \/>\n<a href=\"mailto:austria@united-access.com\">austria@united-access.com<\/a><\/p>\n<p>[\/et_pb_text][\/et_pb_column][et_pb_column type=&#8221;1_4&#8243; global_parent=&#8221;343&#8243; _builder_version=&#8221;4.9.3&#8243; _module_preset=&#8221;default&#8221;][et_pb_text global_parent=&#8221;343&#8243; _builder_version=&#8221;4.9.10&#8243; _module_preset=&#8221;default&#8221; text_orientation=&#8221;right&#8221; max_width_phone=&#8221;100%&#8221; max_width_last_edited=&#8221;off|desktop&#8221; custom_margin=&#8221;|100px|||false|false&#8221; custom_margin_phone=&#8221;|0px|||false|false&#8221; custom_margin_last_edited=&#8221;on|desktop&#8221; hover_enabled=&#8221;0&#8243; text_orientation_tablet=&#8221;center&#8221; text_orientation_phone=&#8221;center&#8221; text_orientation_last_edited=&#8221;on|phone&#8221; sticky_enabled=&#8221;0&#8243;]<\/p>\n<p><a href=\"https:\/\/www.united-access.com\/kontakt\/\">CONTACT<\/a><br \/><a href=\"https:\/\/www.united-access.com\/kontakt\/impressum\/\">IMPRINT<\/a><br \/><a href=\"https:\/\/www.united-access.com\/shop-2\/geschaeftsbedingungen\/\">TERMS AND CONDITIONS<\/a><br \/><a href=\"https:\/\/www.united-access.com\/kontakt\/datenschutz\/\">DATA POLICY<\/a><\/p>\n<p>[\/et_pb_text][\/et_pb_column][\/et_pb_row][\/et_pb_section]<\/p>\n","protected":false},"excerpt":{"rendered":"<p>UNITED ACCESS GmbH Technopark 1\/C, A-3430 Tulln, \u00d6sterreich Telefon: +43 (0) 22 72\/ 64 123 Fax: +43 (0) 22 72\/ 65 124 austria@united-access.com Gesch\u00e4ftsf\u00fchrung:Ing. Gerhard Teuschl &amp; Dr. Peter Klein FN 207692f Landesgericht St. P\u00f6ltenUSt-ID: ATU51372508EORI Nr: ATEOS1000006628 &nbsp; Design Web-Design &amp; Programmierung Werbe! Know How e.U.Lerchengasse 32102 BisambergE-Mail: info@werbeknowhow.atwww.werbeknowhow.at Fotos United Access, Canstockphoto Weitere [&hellip;]<\/p>\n","protected":false},"author":1,"featured_media":0,"parent":2746,"menu_order":0,"comment_status":"closed","ping_status":"closed","template":"","meta":{"_et_pb_use_builder":"on","_et_pb_old_content":"","_et_gb_content_width":"","footnotes":""},"class_list":["post-2830","page","type-page","status-publish","hentry"],"_links":{"self":[{"href":"https:\/\/www.united-access.com\/de\/wp-json\/wp\/v2\/pages\/2830","targetHints":{"allow":["GET"]}}],"collection":[{"href":"https:\/\/www.united-access.com\/de\/wp-json\/wp\/v2\/pages"}],"about":[{"href":"https:\/\/www.united-access.com\/de\/wp-json\/wp\/v2\/types\/page"}],"author":[{"embeddable":true,"href":"https:\/\/www.united-access.com\/de\/wp-json\/wp\/v2\/users\/1"}],"replies":[{"embeddable":true,"href":"https:\/\/www.united-access.com\/de\/wp-json\/wp\/v2\/comments?post=2830"}],"version-history":[{"count":0,"href":"https:\/\/www.united-access.com\/de\/wp-json\/wp\/v2\/pages\/2830\/revisions"}],"up":[{"embeddable":true,"href":"https:\/\/www.united-access.com\/de\/wp-json\/wp\/v2\/pages\/2746"}],"wp:attachment":[{"href":"https:\/\/www.united-access.com\/de\/wp-json\/wp\/v2\/media?parent=2830"}],"curies":[{"name":"wp","href":"https:\/\/api.w.org\/{rel}","templated":true}]}}