{"id":2,"date":"2021-04-09T14:34:04","date_gmt":"2021-04-09T12:34:04","guid":{"rendered":"https:\/\/www.united-access.com\/?page_id=2"},"modified":"2025-12-10T15:24:42","modified_gmt":"2025-12-10T14:24:42","slug":"home","status":"publish","type":"page","link":"https:\/\/www.united-access.com\/de\/","title":{"rendered":"Home"},"content":{"rendered":"<p>[et_pb_section bb_built=&#8221;1&#8243; admin_label=&#8221;Headerbild Home&#8221; fullwidth=&#8221;on&#8221; _builder_version=&#8221;4.9.3&#8243; _module_preset=&#8221;default&#8221; background_color=&#8221;#424A9F&#8221; border_width_bottom=&#8221;10px&#8221; border_color_bottom=&#8221;#C35C3A&#8221; collapsed=&#8221;on&#8221; next_background_color=&#8221;#ffffff&#8221;][et_pb_fullwidth_slider _builder_version=&#8221;4.9.3&#8243; _module_preset=&#8221;default&#8221;][et_pb_slide _builder_version=&#8221;4.9.3&#8243; _module_preset=&#8221;default&#8221; background_image=&#8221;https:\/\/www.united-access.com\/wp-content\/uploads\/2021\/04\/rendering-abstract-futuristic-background_web.jpg&#8221; background_enable_image=&#8221;on&#8221; sticky_transition=&#8221;on&#8221;][\/et_pb_slide][\/et_pb_fullwidth_slider][\/et_pb_section][et_pb_section bb_built=&#8221;1&#8243; admin_label=&#8221;Starttext&#8221; module_class=&#8221;feldrechts&#8221; _builder_version=&#8221;4.9.3&#8243; _module_preset=&#8221;default&#8221; transform_translate_linked=&#8221;off&#8221; max_width=&#8221;800px&#8221; module_alignment=&#8221;right&#8221; prev_background_color=&#8221;#424A9F&#8221; next_background_color=&#8221;RGBA(0,0,0,0)&#8221;][et_pb_row _builder_version=&#8221;4.9.3&#8243; _module_preset=&#8221;default&#8221;][et_pb_column type=&#8221;4_4&#8243; _builder_version=&#8221;4.9.3&#8243; _module_preset=&#8221;default&#8221;][et_pb_text admin_label=&#8221;OUR COMPANY&#8221; _builder_version=&#8221;4.9.10&#8243; _module_preset=&#8221;default&#8221;]<\/p>\n<h1>WELCOME TO<br \/>UNITED ACCESS!<\/h1>\n<p><img loading=\"lazy\" decoding=\"async\" class=\"alignright wp-image-712\" src=\"https:\/\/www.united-access.com\/wp-content\/uploads\/2021\/05\/Designelemente-300x153.png\" alt=\"\" width=\"251\" height=\"128\" \/><br \/>United Access is a system house focused on development, consultancy and value added reselling of smart card and RFID components.<\/p>\n<p>[\/et_pb_text][et_pb_button admin_label=&#8221;OUR COMPANY Button&#8221; button_url=&#8221;https:\/\/www.united-access.com\/about-united-access\/&#8221; button_text=&#8221;COMPANY&#8221; _builder_version=&#8221;4.9.10&#8243; _module_preset=&#8221;default&#8221;]<\/p>\n<p>[\/et_pb_button][\/et_pb_column][\/et_pb_row][\/et_pb_section][et_pb_section bb_built=&#8221;1&#8243; module_class=&#8221;produkte orange&#8221; _builder_version=&#8221;4.9.3&#8243; background_color=&#8221;RGBA(0,0,0,0)&#8221; prev_background_color=&#8221;#ffffff&#8221; next_background_color=&#8221;#eeeeee&#8221;][et_pb_row _builder_version=&#8221;3.25&#8243; background_size=&#8221;initial&#8221; background_position=&#8221;top_left&#8221; background_repeat=&#8221;repeat&#8221;][et_pb_column type=&#8221;4_4&#8243; _builder_version=&#8221;3.25&#8243; custom_padding=&#8221;|||&#8221; custom_padding__hover=&#8221;|||&#8221;][et_pb_text admin_label=&#8221;OUR PRODUCTS&#8221; _builder_version=&#8221;4.9.10&#8243; background_size=&#8221;initial&#8221; background_position=&#8221;top_left&#8221; background_repeat=&#8221;repeat&#8221;]<\/p>\n<h3 style=\"text-align: center;\">PRODUCTS &amp; SERVICES<\/h3>\n<p>[\/et_pb_text][\/et_pb_column][\/et_pb_row][et_pb_row column_structure=&#8221;1_6,1_6,1_6,1_6,1_6,1_6&#8243; _builder_version=&#8221;4.9.3&#8243; _module_preset=&#8221;default&#8221;][et_pb_column type=&#8221;1_6&#8243; _builder_version=&#8221;4.9.3&#8243; _module_preset=&#8221;default&#8221;][et_pb_image admin_label=&#8221;smart cards image&#8221; src=&#8221;https:\/\/www.united-access.com\/wp-content\/uploads\/2021\/07\/Icons-01.png&#8221; alt=&#8221;smart cards and RFID components&#8221; title_text=&#8221;Icons-01&#8243; url=&#8221;https:\/\/www.united-access.com\/products-services\/#smartcards&#8221; align=&#8221;center&#8221; _builder_version=&#8221;4.9.10&#8243; _module_preset=&#8221;default&#8221; global_module=&#8221;1546&#8243; saved_tabs=&#8221;all&#8221;]<\/p>\n<p>[\/et_pb_image][\/et_pb_column][et_pb_column type=&#8221;1_6&#8243; _builder_version=&#8221;4.9.3&#8243; _module_preset=&#8221;default&#8221;][et_pb_text admin_label=&#8221;smart cards text&#8221; _builder_version=&#8221;4.9.10&#8243; _module_preset=&#8221;default&#8221; link_option_url=&#8221;https:\/\/www.united-access.com\/products-services\/#smartcards&#8221; global_module=&#8221;1547&#8243; saved_tabs=&#8221;all&#8221;]<\/p>\n<h4>Smart cards<\/h4>\n<p>Memory cards offering cheap limited storage space up to high end smart card crypto controllers<\/p>\n<p>[\/et_pb_text][\/et_pb_column][et_pb_column type=&#8221;1_6&#8243; _builder_version=&#8221;4.9.3&#8243; _module_preset=&#8221;default&#8221;][et_pb_image admin_label=&#8221;RFID &#038; NFC image&#8221; src=&#8221;https:\/\/www.united-access.com\/wp-content\/uploads\/2021\/04\/Icons-02.png&#8221; alt=&#8221;RFID &#038; NFC &#8211; smart cards and RFID components&#8221; title_text=&#8221;Icons-02&#8243; url=&#8221;https:\/\/www.united-access.com\/products-services\/#rfidnfc&#8221; align=&#8221;center&#8221; _builder_version=&#8221;4.9.10&#8243; _module_preset=&#8221;default&#8221; global_module=&#8221;1550&#8243; saved_tabs=&#8221;all&#8221;]<\/p>\n<p>[\/et_pb_image][\/et_pb_column][et_pb_column type=&#8221;1_6&#8243; _builder_version=&#8221;4.9.3&#8243; _module_preset=&#8221;default&#8221;][et_pb_text admin_label=&#8221;RFID &#038; NFC text&#8221; _builder_version=&#8221;4.9.10&#8243; _module_preset=&#8221;default&#8221; link_option_url=&#8221;https:\/\/www.united-access.com\/products-services\/#rfidnfc&#8221; global_module=&#8221;1552&#8243; saved_tabs=&#8221;all&#8221;]<\/p>\n<h4>RFID &amp; NFC<\/h4>\n<p>Radio Frequency IDentification for e.g. building access, animal identification or public transport<\/p>\n<p>[\/et_pb_text][\/et_pb_column][et_pb_column type=&#8221;1_6&#8243; _builder_version=&#8221;4.9.3&#8243; _module_preset=&#8221;default&#8221;][et_pb_image admin_label=&#8221;reader image&#8221; src=&#8221;https:\/\/www.united-access.com\/wp-content\/uploads\/2021\/04\/Icons-03.png&#8221; alt=&#8221;readers &#8211; smart cards and RFID components&#8221; title_text=&#8221;Icons-03&#8243; url=&#8221;https:\/\/www.united-access.com\/products-services\/#reader&#8221; align=&#8221;center&#8221; _builder_version=&#8221;4.9.10&#8243; _module_preset=&#8221;default&#8221; global_module=&#8221;1555&#8243; saved_tabs=&#8221;all&#8221;]<\/p>\n<p>[\/et_pb_image][\/et_pb_column][et_pb_column type=&#8221;1_6&#8243; _builder_version=&#8221;4.9.3&#8243; _module_preset=&#8221;default&#8221;][et_pb_text admin_label=&#8221;reader text&#8221; _builder_version=&#8221;4.9.10&#8243; _module_preset=&#8221;default&#8221; link_option_url=&#8221;https:\/\/www.united-access.com\/products-services\/#reader&#8221; global_module=&#8221;1556&#8243; saved_tabs=&#8221;all&#8221;]<\/p>\n<h4>Reader<\/h4>\n<p>We offer smart card readers like contact based smart card readers, RFID readers, dual interface readers and more<\/p>\n<p>[\/et_pb_text][\/et_pb_column][\/et_pb_row][et_pb_row column_structure=&#8221;1_6,1_6,1_6,1_6,1_6,1_6&#8243; _builder_version=&#8221;4.9.3&#8243; _module_preset=&#8221;default&#8221;][et_pb_column type=&#8221;1_6&#8243; _builder_version=&#8221;4.9.3&#8243; _module_preset=&#8221;default&#8221;][et_pb_image admin_label=&#8221;software image&#8221; src=&#8221;https:\/\/www.united-access.com\/wp-content\/uploads\/2021\/04\/Icons-04.png&#8221; alt=&#8221;software &#8211; smart cards and RFID components&#8221; title_text=&#8221;Icons-04&#8243; url=&#8221;https:\/\/www.united-access.com\/products-services\/#software&#8221; align=&#8221;center&#8221; _builder_version=&#8221;4.9.10&#8243; _module_preset=&#8221;default&#8221; global_module=&#8221;1572&#8243; saved_tabs=&#8221;all&#8221;]<\/p>\n<p>[\/et_pb_image][\/et_pb_column][et_pb_column type=&#8221;1_6&#8243; _builder_version=&#8221;4.9.3&#8243; _module_preset=&#8221;default&#8221;][et_pb_text admin_label=&#8221;software text&#8221; _builder_version=&#8221;4.9.10&#8243; _module_preset=&#8221;default&#8221; link_option_url=&#8221;https:\/\/www.united-access.com\/products-services\/#software&#8221; global_module=&#8221;1571&#8243; saved_tabs=&#8221;all&#8221;]<\/p>\n<h4>Software<\/h4>\n<p>United Access offers software products as well as customized software development services<\/p>\n<p>[\/et_pb_text][\/et_pb_column][et_pb_column type=&#8221;1_6&#8243; _builder_version=&#8221;4.9.3&#8243; _module_preset=&#8221;default&#8221;][et_pb_image admin_label=&#8221;services image&#8221; src=&#8221;https:\/\/www.united-access.com\/wp-content\/uploads\/2021\/04\/Icons-05.png&#8221; alt=&#8221;services &#8211; smart cards and RFID components&#8221; title_text=&#8221;Icons-05&#8243; url=&#8221;https:\/\/www.united-access.com\/products-services\/#services&#8221; align=&#8221;center&#8221; _builder_version=&#8221;4.9.10&#8243; _module_preset=&#8221;default&#8221; global_module=&#8221;1563&#8243; saved_tabs=&#8221;all&#8221;]<\/p>\n<p>[\/et_pb_image][\/et_pb_column][et_pb_column type=&#8221;1_6&#8243; _builder_version=&#8221;4.9.3&#8243; _module_preset=&#8221;default&#8221;][et_pb_text admin_label=&#8221;services text&#8221; _builder_version=&#8221;4.9.10&#8243; _module_preset=&#8221;default&#8221; link_option_url=&#8221;https:\/\/www.united-access.com\/products-services\/#services&#8221; global_module=&#8221;1565&#8243; saved_tabs=&#8221;all&#8221;]<\/p>\n<h4>Services<\/h4>\n<p>We are committed not only to deliver of state-of-the-art components but also to a deep knowledge of the goods<\/p>\n<p>[\/et_pb_text][\/et_pb_column][et_pb_column type=&#8221;1_6&#8243; _builder_version=&#8221;4.9.3&#8243; _module_preset=&#8221;default&#8221;][et_pb_image admin_label=&#8221;printer image&#8221; src=&#8221;https:\/\/www.united-access.com\/wp-content\/uploads\/2021\/04\/Icons-06.png&#8221; alt=&#8221;printer &#8211; smart cards and RFID components&#8221; title_text=&#8221;Icons-06&#8243; url=&#8221;https:\/\/www.united-access.com\/products-services\/#printer&#8221; align=&#8221;center&#8221; _builder_version=&#8221;4.9.10&#8243; _module_preset=&#8221;default&#8221; global_module=&#8221;1557&#8243; saved_tabs=&#8221;all&#8221;]<\/p>\n<p>[\/et_pb_image][\/et_pb_column][et_pb_column type=&#8221;1_6&#8243; _builder_version=&#8221;4.9.3&#8243; _module_preset=&#8221;default&#8221;][et_pb_text admin_label=&#8221;printer text&#8221; _builder_version=&#8221;4.9.10&#8243; _module_preset=&#8221;default&#8221; link_option_url=&#8221;https:\/\/www.united-access.com\/products-services\/#printer&#8221; global_module=&#8221;1590&#8243; saved_tabs=&#8221;all&#8221;]<\/p>\n<h4>Printer<\/h4>\n<p>Our offering contains printers of the following brands: Fargo, Zebra and Evolis<\/p>\n<p>[\/et_pb_text][\/et_pb_column][\/et_pb_row][et_pb_row column_structure=&#8221;1_6,1_6,1_6,1_6,1_6,1_6&#8243; _builder_version=&#8221;4.9.3&#8243; _module_preset=&#8221;default&#8221;][et_pb_column type=&#8221;1_6&#8243; _builder_version=&#8221;4.9.3&#8243; _module_preset=&#8221;default&#8221;][et_pb_image admin_label=&#8221;harddisc encryption image&#8221; src=&#8221;https:\/\/www.united-access.com\/wp-content\/uploads\/2021\/07\/Icons1-web-51.png&#8221; alt=&#8221;harddisc encryption &#8221; title_text=&#8221;Icons1-web-51&#8243; url=&#8221;https:\/\/www.united-access.com\/products-services\/#harddiscencryption&#8221; align=&#8221;center&#8221; _builder_version=&#8221;4.9.10&#8243; _module_preset=&#8221;default&#8221; global_module=&#8221;1541&#8243; saved_tabs=&#8221;all&#8221;]<\/p>\n<p>[\/et_pb_image][\/et_pb_column][et_pb_column type=&#8221;1_6&#8243; _builder_version=&#8221;4.9.3&#8243; _module_preset=&#8221;default&#8221;][et_pb_text admin_label=&#8221;harddisc encryption text&#8221; _builder_version=&#8221;4.9.10&#8243; _module_preset=&#8221;default&#8221; link_option_url=&#8221;#harddiscencryption&#8221; global_module=&#8221;1549&#8243; saved_tabs=&#8221;all&#8221;]<\/p>\n<h4>Harddisc encryption<\/h4>\n<p>High requirements are placed on these data storage media to protect against spying, illegal copying and modification<\/p>\n<p>[\/et_pb_text][\/et_pb_column][et_pb_column type=&#8221;1_6&#8243; _builder_version=&#8221;4.9.3&#8243; _module_preset=&#8221;default&#8221;][et_pb_image admin_label=&#8221;cloud encryption image&#8221; src=&#8221;https:\/\/www.united-access.com\/wp-content\/uploads\/2021\/07\/Icons1-web.png&#8221; alt=&#8221;cloud encryption &#8221; title_text=&#8221;Icons1-web&#8221; url=&#8221;https:\/\/www.united-access.com\/products-services\/#cloudencryption&#8221; align=&#8221;center&#8221; _builder_version=&#8221;4.9.10&#8243; _module_preset=&#8221;default&#8221; global_module=&#8221;1551&#8243; saved_tabs=&#8221;all&#8221;]<\/p>\n<p>[\/et_pb_image][\/et_pb_column][et_pb_column type=&#8221;1_6&#8243; _builder_version=&#8221;4.9.3&#8243; _module_preset=&#8221;default&#8221;][et_pb_text admin_label=&#8221;cloud encryption text&#8221; _builder_version=&#8221;4.9.10&#8243; _module_preset=&#8221;default&#8221; link_option_url=&#8221;#cloudencryption&#8221; global_module=&#8221;1553&#8243; saved_tabs=&#8221;all&#8221;]<\/p>\n<h4>Cloud encryption<\/h4>\n<p>Protection against illegal spying and disclosure to third parties, as well as the protection against data loss<\/p>\n<p>[\/et_pb_text][\/et_pb_column][et_pb_column type=&#8221;1_6&#8243; _builder_version=&#8221;4.9.3&#8243; _module_preset=&#8221;default&#8221;][\/et_pb_column][et_pb_column type=&#8221;1_6&#8243; _builder_version=&#8221;4.9.3&#8243; _module_preset=&#8221;default&#8221;][\/et_pb_column][\/et_pb_row][et_pb_row _builder_version=&#8221;4.9.3&#8243; _module_preset=&#8221;default&#8221;][et_pb_column type=&#8221;4_4&#8243; _builder_version=&#8221;4.9.3&#8243; _module_preset=&#8221;default&#8221;][et_pb_button admin_label=&#8221;see more button&#8221; button_url=&#8221;https:\/\/www.united-access.com\/products-services\/&#8221; button_text=&#8221;see more&#8221; button_alignment=&#8221;center&#8221; _builder_version=&#8221;4.9.10&#8243; _module_preset=&#8221;default&#8221;]<\/p>\n<p>[\/et_pb_button][\/et_pb_column][\/et_pb_row][\/et_pb_section][et_pb_section bb_built=&#8221;1&#8243; _builder_version=&#8221;4.9.3&#8243; _module_preset=&#8221;default&#8221; background_color=&#8221;#eeeeee&#8221; prev_background_color=&#8221;RGBA(0,0,0,0)&#8221; next_background_color=&#8221;#ffffff&#8221;][et_pb_row _builder_version=&#8221;4.9.3&#8243; _module_preset=&#8221;default&#8221; transform_translate=&#8221;0px|-120px&#8221; transform_translate_linked=&#8221;off&#8221; custom_margin=&#8221;||0px||false|false&#8221; custom_padding=&#8221;||0px||false|false&#8221;][et_pb_column type=&#8221;4_4&#8243; _builder_version=&#8221;4.9.3&#8243; _module_preset=&#8221;default&#8221;][et_pb_text admin_label=&#8221;About us&#8221; _builder_version=&#8221;4.9.10&#8243; _module_preset=&#8221;default&#8221;]<\/p>\n<div class=\"page\" title=\"Page 4\">\n<div class=\"section\">\n<div class=\"layoutArea\">\n<div class=\"column\">\n<h2>About us<\/h2>\n<\/div>\n<\/div>\n<\/div>\n<\/div>\n<p>[\/et_pb_text][\/et_pb_column][\/et_pb_row][et_pb_row column_structure=&#8221;2_5,3_5&#8243; _builder_version=&#8221;4.9.3&#8243; _module_preset=&#8221;default&#8221; custom_margin=&#8221;0px||||false|false&#8221; custom_padding=&#8221;0px||||false|false&#8221;][et_pb_column type=&#8221;2_5&#8243; _builder_version=&#8221;4.9.3&#8243; _module_preset=&#8221;default&#8221;][et_pb_image src=&#8221;https:\/\/www.united-access.com\/wp-content\/uploads\/2021\/07\/FrauMitKarte.jpg&#8221; alt=&#8221;United Access&#8221; title_text=&#8221;FrauMitKarte&#8221; align=&#8221;right&#8221; _builder_version=&#8221;4.9.10&#8243; _module_preset=&#8221;default&#8221;]<\/p>\n<p>[\/et_pb_image][et_pb_image src=&#8221;https:\/\/www.united-access.com\/wp-content\/uploads\/2021\/06\/authorized-rfid-reseller-logo-rgb-hi-res.png&#8221; title_text=&#8221;authorized-rfid-reseller-logo-rgb-hi-res&#8221; _builder_version=&#8221;4.9.10&#8243; _module_preset=&#8221;default&#8221;]<\/p>\n<p>[\/et_pb_image][\/et_pb_column][et_pb_column type=&#8221;3_5&#8243; _builder_version=&#8221;4.9.3&#8243; _module_preset=&#8221;default&#8221;][et_pb_text admin_label=&#8221;About us text&#8221; _builder_version=&#8221;4.27.4&#8243; _module_preset=&#8221;default&#8221; background_pattern_color=&#8221;rgba(0,0,0,0.2)&#8221; background_mask_color=&#8221;#ffffff&#8221;]<\/p>\n<p>United Access is a system house focused on development, consultancy and value added reselling of smart card and RFID components. Furthermore United Access is the leading supplier of the Infineon smart card operating system <strong><a href=\"https:\/\/www.united-access.com\/products-services\/smart-cards\/#sicrypt\" target=\"_blank\" rel=\"noopener\">SICRYPT<sup>\u00ae<\/sup><\/a><\/strong> used as a platform for secure applications. United Access is also part of the <a href=\"https:\/\/www.infineon.com\/cms\/en\/partner-network\/Security-Network\/Preferred-Security-Partners\/United-Access\/\" target=\"_blank\" rel=\"noopener\">Infineon Security Partner Network. <\/a>United Access is also member of <a href=\"https:\/\/www.cryptovision.com\/\" target=\"_blank\" rel=\"noopener\">cryptovision <\/a>club cv.<\/p>\n<p>Our\u00a0extensive know how is based on our development activities on smart card operating systems and\u00a0smart card host applications. The development covers\u00a0standard United Access products like<strong> <a href=\"https:\/\/www.united-access.com\/products-services\/smart-cards\/#protos\" target=\"_self\" rel=\"noopener\">PROTOS<\/a><\/strong>\u00a0and customer specific tailormade applications and integration software. By combination of development services and usage of proven standard components we are able to provide sophisticated and reliable sub systems.<\/p>\n<p>United Access has been active in the smart card and RFID market since the year 2001. We are specialized on complex and secure micro controller or RFID based systems and components; our team has a long lasting experience in the fields of cryptography, security and software design. We offer professional services for all our products.<\/p>\n<p>[\/et_pb_text][et_pb_button admin_label=&#8221;see more button&#8221; button_url=&#8221;@ET-DC@eyJkeW5hbWljIjp0cnVlLCJjb250ZW50IjoicG9zdF9saW5rX3VybF9wYWdlIiwic2V0dGluZ3MiOnsicG9zdF9pZCI6IjMwMyJ9fQ==@&#8221; button_text=&#8221;see more&#8221; _builder_version=&#8221;4.9.10&#8243; _dynamic_attributes=&#8221;button_url&#8221; _module_preset=&#8221;default&#8221;]<\/p>\n<p>[\/et_pb_button][\/et_pb_column][\/et_pb_row][\/et_pb_section][et_pb_section bb_built=&#8221;1&#8243; module_class=&#8221;technews orange&#8221; _builder_version=&#8221;4.9.3&#8243; _module_preset=&#8221;default&#8221; prev_background_color=&#8221;#eeeeee&#8221; next_background_color=&#8221;#eeeeee&#8221;][et_pb_row _builder_version=&#8221;4.9.3&#8243; _module_preset=&#8221;default&#8221;][et_pb_column type=&#8221;4_4&#8243; _builder_version=&#8221;4.9.3&#8243; _module_preset=&#8221;default&#8221;][et_pb_text admin_label=&#8221;tech news&#8221; _builder_version=&#8221;4.17.6&#8243; _module_preset=&#8221;default&#8221; background_pattern_color=&#8221;rgba(0,0,0,0.2)&#8221; background_mask_color=&#8221;#ffffff&#8221;]<\/p>\n<h3 style=\"text-align: center;\"><a href=\"https:\/\/www.rfidjournal.com\/category\/news\" target=\"_blank\" rel=\"noopener\">TECH NEWS<\/a><\/h3>\n<p>[\/et_pb_text][\/et_pb_column][\/et_pb_row][et_pb_row _builder_version=&#8221;4.9.3&#8243; _module_preset=&#8221;default&#8221;][et_pb_column type=&#8221;4_4&#8243; _builder_version=&#8221;4.9.3&#8243; _module_preset=&#8221;default&#8221;][et_pb_blog admin_label=&#8221;tech news blog posts&#8221; fullwidth=&#8221;off&#8221; posts_number=&#8221;3&#8243; include_categories=&#8221;53&#8243; meta_date=&#8221;l, F d, Y&#8221; show_thumbnail=&#8221;off&#8221; show_content=&#8221;on&#8221; show_author=&#8221;off&#8221; show_categories=&#8221;off&#8221; show_pagination=&#8221;off&#8221; _builder_version=&#8221;4.9.10&#8243; _module_preset=&#8221;default&#8221;]<\/p>\n<p>[\/et_pb_blog][\/et_pb_column][\/et_pb_row][et_pb_row _builder_version=&#8221;4.9.3&#8243; _module_preset=&#8221;default&#8221;][et_pb_column type=&#8221;4_4&#8243; _builder_version=&#8221;4.9.3&#8243; _module_preset=&#8221;default&#8221;][et_pb_button admin_label=&#8221;more tech news&#8221; button_url=&#8221;@ET-DC@eyJkeW5hbWljIjp0cnVlLCJjb250ZW50IjoicG9zdF9saW5rX3VybF9wYWdlIiwic2V0dGluZ3MiOnsicG9zdF9pZCI6IjU5OSJ9fQ==@&#8221; button_text=&#8221;more tech news&#8221; button_alignment=&#8221;center&#8221; _builder_version=&#8221;4.9.10&#8243; _dynamic_attributes=&#8221;button_url&#8221; _module_preset=&#8221;default&#8221;]<\/p>\n<p>[\/et_pb_button][\/et_pb_column][\/et_pb_row][\/et_pb_section][et_pb_section bb_built=&#8221;1&#8243; admin_label=&#8221;Footer&#8221; module_class=&#8221;footer&#8221; _builder_version=&#8221;4.9.3&#8243; _module_preset=&#8221;default&#8221; background_color=&#8221;#eeeeee&#8221; saved_tabs=&#8221;all&#8221; collapsed=&#8221;off&#8221; prev_background_color=&#8221;#ffffff&#8221; global_module=&#8221;343&#8243;][et_pb_row global_parent=&#8221;343&#8243; column_structure=&#8221;1_4,1_2,1_4&#8243; _builder_version=&#8221;4.9.3&#8243; _module_preset=&#8221;default&#8221;][et_pb_column type=&#8221;1_4&#8243; global_parent=&#8221;343&#8243; _builder_version=&#8221;4.9.3&#8243; _module_preset=&#8221;default&#8221;][et_pb_image global_parent=&#8221;343&#8243; src=&#8221;https:\/\/www.united-access.com\/wp-content\/uploads\/2021\/04\/logo-blue-transp_0.png&#8221; title_text=&#8221;logo-blue-transp_0&#8243; align=&#8221;right&#8221; _builder_version=&#8221;4.9.10&#8243; _module_preset=&#8221;default&#8221; \/][\/et_pb_column][et_pb_column type=&#8221;1_2&#8243; global_parent=&#8221;343&#8243; _builder_version=&#8221;4.9.3&#8243; _module_preset=&#8221;default&#8221;][et_pb_text global_parent=&#8221;343&#8243; _builder_version=&#8221;4.9.10&#8243; _module_preset=&#8221;default&#8221;]<\/p>\n<p style=\"text-align: center;\">Technopark 1\/C, A-3430 Tulln, \u00d6sterreich<br \/>Telefon: <a href=\"tel:0043227264123\">+43 (0) 22 72\/ 64 123<\/a><br \/>Fax: +43 (0) 22 72\/ 65 124<br \/><a href=\"mailto:austria@united-access.com\">austria@united-access.com<\/a><\/p>\n<p>[\/et_pb_text][\/et_pb_column][et_pb_column type=&#8221;1_4&#8243; global_parent=&#8221;343&#8243; _builder_version=&#8221;4.9.3&#8243; _module_preset=&#8221;default&#8221;][et_pb_text global_parent=&#8221;343&#8243; _builder_version=&#8221;4.9.10&#8243; _module_preset=&#8221;default&#8221; text_orientation=&#8221;right&#8221; max_width_phone=&#8221;100%&#8221; max_width_last_edited=&#8221;off|desktop&#8221; custom_margin=&#8221;|100px|||false|false&#8221; custom_margin_phone=&#8221;|0px|||false|false&#8221; custom_margin_last_edited=&#8221;on|desktop&#8221; hover_enabled=&#8221;0&#8243; text_orientation_tablet=&#8221;center&#8221; text_orientation_phone=&#8221;center&#8221; text_orientation_last_edited=&#8221;on|phone&#8221; sticky_enabled=&#8221;0&#8243;]<\/p>\n<p><a href=\"https:\/\/www.united-access.com\/kontakt\/?lang=de\">KONTAKT<\/a><br \/><a href=\"https:\/\/www.united-access.com\/kontakt\/impressum\/?lang=de\">IMPRESSUM<\/a><br \/><a href=\"https:\/\/www.united-access.com\/shop-2\/geschaeftsbedingungen\/?lang=de\">BEDINGUNGEN UND KONDITIONEN<\/a><br \/><a href=\"https:\/\/www.united-access.com\/kontakt\/datenschutz\/?lang=de\">DATENPOLITIK<\/a><\/p>\n<p>[\/et_pb_text][\/et_pb_column][\/et_pb_row][\/et_pb_section]<\/p>\n","protected":false},"excerpt":{"rendered":"<p>WELCOME TOUNITED ACCESS! United Access is a system house focused on development, consultancy and value added reselling of smart card and RFID components. PRODUCTS &amp; SERVICES Smart cards Memory cards offering cheap limited storage space up to high end smart card crypto controllers RFID &amp; NFC Radio Frequency IDentification for e.g. building access, animal identification [&hellip;]<\/p>\n","protected":false},"author":1,"featured_media":0,"parent":0,"menu_order":0,"comment_status":"closed","ping_status":"closed","template":"","meta":{"_et_pb_use_builder":"on","_et_pb_old_content":"<!-- wp:paragraph -->\r\n<p>Dies ist eine Beispiel-Seite. Sie unterscheidet sich von Beitr\u00e4gen, da sie stets an derselben Stelle bleibt und (bei den meisten Themes) in der Website-Navigation angezeigt wird. Die meisten starten mit einem Impressum, der Datenschutzerkl\u00e4rung oder einer \u201e\u00dcber\u00a0uns\u201c-Seite, um sich potenziellen Besuchern der Website vorzustellen. Dort k\u00f6nnte zum Beispiel stehen:<\/p>\r\n<!-- \/wp:paragraph --><!-- wp:quote -->\r\n<blockquote class=\"wp-block-quote\">\r\n<p>Hallo! Tags\u00fcber arbeite ich als Fahrradkurier, nachts bin ich ein aufstrebender Schauspieler und dies hier ist meine Website. Ich lebe in Berlin, habe einen gro\u00dfen Hund namens Jack, mag Pi\u00f1a Coladas, jedoch weniger (ohne Schirm) im Regen stehen gelassen zu werden.<\/p>\r\n<\/blockquote>\r\n<!-- \/wp:quote --><!-- wp:paragraph -->\r\n<p>...oder so etwas wie das hier:<\/p>\r\n<!-- \/wp:paragraph --><!-- wp:quote -->\r\n<blockquote class=\"wp-block-quote\">\r\n<p>Das Unternehmen XYZ wurde 1971 gegr\u00fcndet und versorgt die \u00d6ffentlichkeit seither mit qualitativ hochwertigen Produkten. An seinem Standort in einer kleinen Gro\u00dfstadt besch\u00e4ftigt der Betrieb \u00fcber 2.000 Menschen und unterst\u00fctzt die Stadtbewohner in vielfacher Hinsicht.<\/p>\r\n<\/blockquote>\r\n<!-- \/wp:quote --><!-- wp:paragraph -->\r\n<p>Als neuer WordPress-Benutzer solltest du <a href=\"https:\/\/www.united-access.com\/wp-admin\/\">dein Dashboard<\/a> aufrufen, um diese Seite zu l\u00f6schen und neue Seiten und Beitr\u00e4ge f\u00fcr deine Website erstellen. Viel Spa\u00df!<\/p>\r\n<!-- \/wp:paragraph -->","_et_gb_content_width":"","footnotes":""},"class_list":["post-2","page","type-page","status-publish","hentry"],"_links":{"self":[{"href":"https:\/\/www.united-access.com\/de\/wp-json\/wp\/v2\/pages\/2","targetHints":{"allow":["GET"]}}],"collection":[{"href":"https:\/\/www.united-access.com\/de\/wp-json\/wp\/v2\/pages"}],"about":[{"href":"https:\/\/www.united-access.com\/de\/wp-json\/wp\/v2\/types\/page"}],"author":[{"embeddable":true,"href":"https:\/\/www.united-access.com\/de\/wp-json\/wp\/v2\/users\/1"}],"replies":[{"embeddable":true,"href":"https:\/\/www.united-access.com\/de\/wp-json\/wp\/v2\/comments?post=2"}],"version-history":[{"count":0,"href":"https:\/\/www.united-access.com\/de\/wp-json\/wp\/v2\/pages\/2\/revisions"}],"wp:attachment":[{"href":"https:\/\/www.united-access.com\/de\/wp-json\/wp\/v2\/media?parent=2"}],"curies":[{"name":"wp","href":"https:\/\/api.w.org\/{rel}","templated":true}]}}